{"id":79,"date":"2022-08-14T14:19:54","date_gmt":"2022-08-14T14:19:54","guid":{"rendered":"http:\/\/spioner.dk\/?page_id=79"},"modified":"2024-08-22T15:56:38","modified_gmt":"2024-08-22T15:56:38","slug":"tiden-i-sverige","status":"publish","type":"page","link":"https:\/\/spioner.dk\/index.php\/spioner-mellem-to-krige\/horst-gustav-friedrich-pflugk-harttung\/tiden-i-sverige\/","title":{"rendered":"Tiden i Sverige"},"content":{"rendered":"\n<h4 class=\"wp-block-heading\">Efter at have forladt Tyskland havde han et kort ophold i Danmark, inden han og hans kone flyttede til Sverige.<\/h4>\n\n\n\n<p>I deres ans\u00f8gning om ophold og arbejdstilladelse var begrundelsen &#8220;politisk flygtning&#8221;. Ud fra at de socialistiske bev\u00e6gelser stadig eksisterede p\u00e5 dette tidspunkt, er det n\u00e6ppe helt forkert, s\u00e5 de fik lov af opholde og arbejde i Sverige.<\/p>\n\n\n\n<p>I nogle af de officielle papirer kan man se at han har arbejdet hos &#8220;Diektor A. Reuter&#8221; og har v\u00e6ret ansat af Aftonbladet med henblik p\u00e5 at beskrive situationen i Tyskland.<\/p>\n\n\n\n<p>I f\u00f8lge andre dokumenter kan man se at Horst og hans familie var inviteret af Oberst Aminoff (Svensk officer) som han tidligere havde m\u00f8dt i Sverige. Han studerede p\u00e5 handelsskolen i Stokholm og blev den officielle repr\u00e6sentant af det Skandinaviske pressebureau Berlin.<\/p>\n\n\n\n<p>Horst fors\u00f8gte at starte en r\u00e6kke antikommunistiske bev\u00e6gelser i Skandinavien, men fik kun fodf\u00e6ste i Sverige.<\/p>\n\n\n\n<p>Horst og familien kom sammen med Admiral Helge Str\u00f8mb\u00e6k, H\u00f8jesteretsnotar Carl Patrick Ossbarh og Generall\u00f8jtnant Erik Thestrup. (alle bosat i Stockholm) samt Major Werner Gyldencreutz fra Uppsala.<\/p>\n\n\n\n<p>Sidst i 1920 blev han kontaktet af Admiralitetets referat Stammer, som bad ham skrive rapporter om handelsm\u00e6ssige emner i Sverige. Disse rapporter blev sendt til Wirtschaftsbuero Zelox, som var cover for Wehrministerium i Berlin. Fra 1921 skrev han rapporter af milit\u00e6r og politisk karakter.<\/p>\n\n\n\n<p>Han benyttede Tyskere bosat i Sverige til at hj\u00e6lpe ham. Der i blandt \u201dEngelhardt\u201d (Kalmar), Consul Maresch (Trelleborg og senere i Goteborg), Prusewitz (Goteborg), Jacobi (Stokholm), Herman Bolte (Agent arbejdende for de tyske aviser \u201dBerliner B\u00f6rsen Zeitung\u201d, \u201dBremen Nachrischten\u201d, \u201dDanziger Neueste Nachrichten\u201d og for det tyske shipping firma \u201dHansa\u201d i Hamborg samt for \u201dDeutsche Vilkswirt\u201d i Berlin) og Dr. Michael, Stollhanske (begge bosat i Stokholm)<\/p>\n\n\n\n<p>Disse aktiviteter fortsatte indtil han blev udvist af Sverige i 1931.<\/p>\n\n\n\n<p>Han f\u00e5r gage fra Tyskland (officielt &#8220;pension&#8221;) men tager en del jobs for at tjene ekstra. F.eks. solgte han forsikringer, skrev for blade mv.<\/p>\n\n\n\n<hr class=\"wp-block-separator has-alpha-channel-opacity\"\/>\n\n\n\n<h3 class=\"wp-block-heading\">P\u00e5 bes\u00f8g i Sverige:<\/h3>\n\n\n\n<p>16. august 1919 ans\u00f8ger Horst om adgang til Sverige for forel\u00f8big 14 dage.<\/p>\n\n\n\n<p>23. august 1919 rejser han via K\u00f8benhavn til Sverige som korrespondent for Deutsche Tageszeitung<\/p>\n\n\n\n<p>Ans\u00f8ger 11. september 1919 igen som korrespondent.<\/p>\n\n\n\n<p>24. september 1919 til 8. oktober 1919. nu med hustru. (Karlskrona.)<\/p>\n\n\n\n<hr class=\"wp-block-separator has-alpha-channel-opacity\"\/>\n\n\n\n<h3 class=\"wp-block-heading\">Sagen om posten<\/h3>\n\n\n\n<p>I forbindelse med deres ophold i H\u00f6jden 5B, opstod den f\u00f8rste sag med ordensmagten:<\/p>\n\n\n\n<p>Politiet i Linding\u00f6 k\u00f6ping havde f\u00e5et en anmeldelse af Gustaf Emil Valfrid Eriksson, som boede i omr\u00e5det, at en mandsperson var set g\u00e5 rundt p\u00e5 ejendommen \u201dH\u00f6jden 5B\u201d. Igennem den lokale postmester, fik de lov at se navnet p\u00e5 den post der blev sendt til adressen og konstateret at det var den ber\u00f8mte \u201dPflugh-Harttung\u201d. Politiet fik postbuddet til at holde \u00f8je med hvorn\u00e5r der var personer p\u00e5 adressen igen og tirsdag den 27. januar (1920) omkring kl. et, meddelte postbuddet \u00c4hlstr\u00f6m af der var set to personer p\u00e5 adressen \u2013 straks sendte politimesteren to betjente Ivar L. og Petrus L. afsted for at anholde de mist\u00e6nkelige personer. Det viste sig at v\u00e6re jernbanearbejderen G\u00f6sta Ferdinand Karlsson og arbejderen Karl Edvard Eklund.<\/p>\n\n\n\n<p>De blev anholdt og afh\u00f8rt. Deres forklaring var at de ledte efter en person med navnet \u201dPettersson\u201d for, sammen med ham, at opbygge en venstresocialistisk ungdomsklub. De havde ikke f\u00e5et den rigtige adresse og listede lidt rundt for at finde ud af hvor \u201dPettersson\u201d s\u00e5 boede.<\/p>\n\n\n\n<p>De kom i kontakt med den pige der arbejdede for Horst og hun fortalte at der her boede en \u201dtysker\u201d. Karlsson var blevet nysgerrig og havde snakket med postbuddet og spurgt ind til hvem der boede der og om de fik meget post. Postbuddet havde svaret \u201dDet er klart at der kommer meget tysk post\u201d men postbuddet var begyndt at blive mist\u00e6nksom, s\u00e5 da Karlsson spurgte ind til Pettersson, veg han tilbage og ville ikke fort\u00e6lle mere.<\/p>\n\n\n\n<p>Postbuddet blev ogs\u00e5 afh\u00f8rt og hans forklaring var en lidt anden: Det viste sig at Karlsson ogs\u00e5 havde kontakte postbude p\u00e5 en cafe og spurgt hvad postbuddet skulle have for at Karlsson m\u00e5tte se nogle af brevene og m\u00e5ske \u201dl\u00e5ne\u201d dem et par timer og at han var klar til at betale hvad postbuddet \u00f8nskede. Postbuddet afviste tilbuddet. En r\u00e6kke flere bude blev afh\u00f8rt i sagen og enkelte kunne bekr\u00e6fte at de havde set Karlsson i omr\u00e5det og en mere var ogs\u00e5 blevet antastet af ham med henblik p\u00e5 at f\u00e5 detaljer omkring Horst\u2019s \u201dpost situation\u201d og \u201dudl\u00e5n\u201d af hans post. Karlsson var i \u00f8vrigt meget interesseret i om Horst fik post afsendt fra Stettin.<\/p>\n\n\n\n<p>Horst\u2019s ansat \u201dSofia Aleonora Elisabeth Karlsson\u201d blev ogs\u00e5 afh\u00f8rt i denne lidt mystiske sag (30\/1-1920 -hun havde v\u00e6ret ansat siden 1. oktober 1919). Hun forklarede at der var kommet en for hende ukendt mandsperson og spurgt efter Persson. Det var dog en anden ansat \u201dSara karolina Redin\u201d som havde \u00e5bnet. Personen havde endvidere spurgt ind til hvor l\u00e6nge han havde boet i ejendommen. Horst blev ogs\u00e5 h\u00f8rt i sagen og fortalte om episoden omkring Liebkecht og fortalte af han havde f\u00f8lt sig overv\u00e5get p\u00e5 bop\u00e6len og at han havde v\u00e6ret blevet skygget.<\/p>\n\n\n\n<p>Horst modtager trussels- og hadebreve i Sverige. Et af dem lyder \u201dGlauben Sie herrn M\u00f6rder, dass das Blut Karl Liebknechts vergossen worden sei, ohne dass es sich r\u00e4chen wird! Ah nein! \u2019Wer das Blut vergossen hat, der soll auch\u2019\u201d Brevet er underskrevet \u201dMit gl\u00fchenden Hass C.J Persson\u201d. (med gl\u00f8dende had)<\/p>\n\n\n\n<hr class=\"wp-block-separator has-alpha-channel-opacity\"\/>\n\n\n\n<h3 class=\"wp-block-heading\">Attentater mod Horst og familien:<\/h3>\n\n\n\n<p>Det var ikke popul\u00e6rt at have Horst bosat i Sverige &#8211; der var mange kr\u00e6fter der k\u00e6mpede for at f\u00e5 ham ud af landet og der var registreret flere demonstrationer.<\/p>\n\n\n\n<p>Horst m\u00e5 ha&#8217; v\u00e6ret presset for den 21. april 1920 skriver han til den Svenske Statsminister og beklager sin n\u00f8d. I brevet fremg\u00e5r det at der har v\u00e6ret tre attentater mod ham, i den forholdsvis korte tid de har boet i Sverige.<\/p>\n\n\n\n<hr class=\"wp-block-separator has-alpha-channel-opacity\"\/>\n\n\n\n<h3 class=\"wp-block-heading\">Horst&#8217;s moder &#8220;Margarethe&#8221;<\/h3>\n\n\n\n<p>Den kongelige svenske gesantskab har den 28. april 1920 i et strengt fortroligt notat skrevet at de har kontrolleret Horst\u2019s pas og i den forbindelse haft kontakt til hans mor (som bor i Tyskland). Moderen har lige mistet sin anden s\u00f8n (Heinz) og gestanten hanbefaler at de \u2013 af humanit\u00e6re hensyn \u2013 tager moderen til Sverige.<\/p>\n\n\n\n<hr class=\"wp-block-separator has-alpha-channel-opacity\"\/>\n\n\n\n<h3 class=\"wp-block-heading\">Sagen &#8220;Elfrida&#8221;<\/h3>\n\n\n\n<p>Under en rejse til Tyskland i 1920 har Horst Elfrida von Pflug-Hartung med til Sverige. Hun s\u00f8gte via generalkonsulatet i Hamborg opholds- og arbejdstilladelse (23\/8 1919 til 5\/9 1919). Elfrida skulle arbejde som l\u00e6rerinde hos Hr. Robert Norrby, Hamngatan 10, Stockholm. Der arbejder hun fra 6\/9 1919 til 1\/5 1920.<\/p>\n\n\n\n<p>Elfrida fik indrejsetilladelse p\u00e5 baggrund af en strengt fortrolig skrivelse af 23\/8 1919 til det Svenske Udenrigsministerie. En Svensk tjenestemand i Tyskland var blevet ops\u00f8gt af Dr. Merck, som arbejdede i \u201dSenatskommisision f\u00fcr Ausw\u00e4rtige Angelegenheiten\u201d. Han bad om hj\u00e6lp til at f\u00e5 Elfrida i Sverige, da han p\u00e5stod at &#8220;Spartakisterne&#8221; havde d\u00f8mt hende til d\u00f8den, da hun er s\u00f8ster til den person der dr\u00e6bte Liebknecht. Efter sigende skulle hele familien udryddes, som h\u00e6vn.<\/p>\n\n\n\n<p>Hun var blevet udsat for et attentat og havde f\u00e5et et knivstik i armen.<\/p>\n\n\n\n<div class=\"wp-block-media-text alignwide has-media-on-the-right is-stacked-on-mobile\" style=\"grid-template-columns:auto 29%\"><div class=\"wp-block-media-text__content\">\n<p>I den forbindelse blev hun rutinem\u00e6ssigt afh\u00f8rt af politiet og fortalte at hun havde arbejdet som frivillig sygeplejerske under krigen (1. verdenskrig). Efter krigen havde hun f\u00e5et arbejde ved h\u00e6ren i den enhed hun havde v\u00e6ret sygeplejerske ved og en dag hvor hun var p\u00e5 vej der hen, kom hun forbi en st\u00f8rre forsamling mennesker hvoraf 6-8 stykker havde omringet hende og tildelt hende en del kraftige slag i baghoved \u2013 det var i den forbindelse hun fik et knivstik i venstre overarm.<\/p>\n\n\n\n<p>I forbindelse med en demonstration 30. januar 1920 af venstresocialisterne ved deres bop\u00e6l i Liding\u00f6n, havde hun genkendt den person der havde f\u00f8rt kniven i Hamborg.<\/p>\n\n\n\n<p>Th. ses Elfrida&#8217;s skitse af den person der havde overfaldt hende i Hamborg og som hun efterf\u00f8lgende havde set ved en demonstration i Sverige.<\/p>\n<\/div><figure class=\"wp-block-media-text__media\"><img loading=\"lazy\" decoding=\"async\" width=\"716\" height=\"619\" src=\"http:\/\/spioner.dk\/wp-content\/uploads\/2022\/08\/Skitse_Sverige_Karlsson_1.jpg\" alt=\"\" class=\"wp-image-81 size-full\" srcset=\"https:\/\/spioner.dk\/wp-content\/uploads\/2022\/08\/Skitse_Sverige_Karlsson_1.jpg 716w, https:\/\/spioner.dk\/wp-content\/uploads\/2022\/08\/Skitse_Sverige_Karlsson_1-300x259.jpg 300w\" sizes=\"auto, (max-width: 716px) 100vw, 716px\" \/><\/figure><\/div>\n\n\n\n<hr class=\"wp-block-separator has-alpha-channel-opacity\"\/>\n\n\n\n<h3 class=\"wp-block-heading\">Bes\u00f8g i T\u00f8nder:<\/h3>\n\n\n\n<p>24-8-1922. Politiet i T\u00f8nder udviste interesse for Horst. Han havde fortalt at han opholdte sig p\u00e5 Hotel T\u00f8nderhus fra 16-8 til 23-8.<\/p>\n\n\n\n<p>Han opholdte sig hos L\u00e6re A. Torp hvor gr\u00e6nsesp\u00f8rgsm\u00e5let blev dr\u00f8ftet. Bem\u00e6rk navnet &#8220;Torp&#8221; &#8211; det efternavn har ved flere andre lejligheder &#8220;h\u00e6ngt fast&#8221; ved Horst og hans familie.<\/p>\n\n\n\n<hr class=\"wp-block-separator has-alpha-channel-opacity\"\/>\n\n\n\n<p><a href=\"http:\/\/spioner.dk\/index.php\/spioner-mellem-to-krige\/horst-gustav-friedrich-pflugk-harttung\/tiden-i-sverige\/oprettelsen-af-antikommunistisk-bevaegelse-og-vaabensmugling\/\" data-type=\"page\" data-id=\"83\">Oprettelsen af antikommunistisk bev\u00e6gelse og v\u00e5bensmugling<\/a><\/p>\n\n\n\n<p>Som tiden gik blev Horst involveret i forskellige &#8220;foreninger&#8221; og blandet ind i b\u00e5de spionage og v\u00e5bensmugleri &#8211; &#8211; brug link her over og l\u00e6s mere om denne periode.<\/p>\n\n\n\n<hr class=\"wp-block-separator has-alpha-channel-opacity\"\/>\n\n\n\n<p><a href=\"http:\/\/spioner.dk\/index.php\/spioner-mellem-to-krige\/horst-gustav-friedrich-pflugk-harttung\/tiden-i-sverige\/udvist-fra-sverige\/\" data-type=\"page\" data-id=\"86\">Udvist fra Sverige<\/a><\/p>\n\n\n\n<p>Selvf\u00f8lge kunne Sverige ikke se igennem finger med b\u00e5de paramilit\u00e6rer korps og v\u00e5bensmugleri, s\u00e5 Horst blev bedt om at forlade landet &#8211; &#8211; brug link her over og l\u00e6s mere om denne periode.<\/p>\n\n\n\n<hr class=\"wp-block-separator has-alpha-channel-opacity\"\/>\n\n\n\n<h3 class=\"wp-block-heading\">B\u00f8rnene<\/h3>\n\n\n\n<p>Det er i denne periode, hvor de er bosat i Sverige, at de f\u00e5r b\u00f8rnene:<\/p>\n\n\n\n<p>Helle f\u00f8dt 17. april 1922, Stockholm<\/p>\n\n\n\n<p>Gunver f\u00f8dt 21. august 1923, Stockholm<\/p>\n\n\n\n<p>Heinz f\u00f8dt 6. august 1928, Stockholm<\/p>\n\n\n\n<hr class=\"wp-block-separator has-alpha-channel-opacity\"\/>\n\n\n\n<p>Tyskland var meget interesseret i Sverige &#8211; i dokumenter fra 1933 kan man b.la. se:<\/p>\n\n\n<div class=\"wp-block-image\">\n<figure class=\"aligncenter size-full\"><img loading=\"lazy\" decoding=\"async\" width=\"1022\" height=\"431\" src=\"http:\/\/spioner.dk\/wp-content\/uploads\/2024\/08\/Sverige1.jpg\" alt=\"\" class=\"wp-image-522\" srcset=\"https:\/\/spioner.dk\/wp-content\/uploads\/2024\/08\/Sverige1.jpg 1022w, https:\/\/spioner.dk\/wp-content\/uploads\/2024\/08\/Sverige1-300x127.jpg 300w, https:\/\/spioner.dk\/wp-content\/uploads\/2024\/08\/Sverige1-768x324.jpg 768w\" sizes=\"auto, (max-width: 1022px) 100vw, 1022px\" \/><\/figure>\n<\/div>\n\n\n<p><\/p>\n","protected":false},"excerpt":{"rendered":"<p>Efter at have forladt Tyskland havde han et kort ophold i Danmark, inden han og hans kone flyttede til Sverige. I deres ans\u00f8gning om ophold og arbejdstilladelse var begrundelsen &#8220;politisk flygtning&#8221;. Ud fra at de socialistiske bev\u00e6gelser stadig eksisterede p\u00e5 dette tidspunkt, er det n\u00e6ppe helt forkert, s\u00e5 de fik lov af opholde og arbejde [&hellip;]<\/p>\n","protected":false},"author":1,"featured_media":0,"parent":31,"menu_order":0,"comment_status":"open","ping_status":"closed","template":"template-fullwidth.php","meta":{"inline_featured_image":false,"footnotes":""},"class_list":["post-79","page","type-page","status-publish","hentry"],"_links":{"self":[{"href":"https:\/\/spioner.dk\/index.php\/wp-json\/wp\/v2\/pages\/79","targetHints":{"allow":["GET"]}}],"collection":[{"href":"https:\/\/spioner.dk\/index.php\/wp-json\/wp\/v2\/pages"}],"about":[{"href":"https:\/\/spioner.dk\/index.php\/wp-json\/wp\/v2\/types\/page"}],"author":[{"embeddable":true,"href":"https:\/\/spioner.dk\/index.php\/wp-json\/wp\/v2\/users\/1"}],"replies":[{"embeddable":true,"href":"https:\/\/spioner.dk\/index.php\/wp-json\/wp\/v2\/comments?post=79"}],"version-history":[{"count":7,"href":"https:\/\/spioner.dk\/index.php\/wp-json\/wp\/v2\/pages\/79\/revisions"}],"predecessor-version":[{"id":523,"href":"https:\/\/spioner.dk\/index.php\/wp-json\/wp\/v2\/pages\/79\/revisions\/523"}],"up":[{"embeddable":true,"href":"https:\/\/spioner.dk\/index.php\/wp-json\/wp\/v2\/pages\/31"}],"wp:attachment":[{"href":"https:\/\/spioner.dk\/index.php\/wp-json\/wp\/v2\/media?parent=79"}],"curies":[{"name":"wp","href":"https:\/\/api.w.org\/{rel}","templated":true}]}}