{"id":514,"date":"2024-08-21T16:34:09","date_gmt":"2024-08-21T16:34:09","guid":{"rendered":"http:\/\/spioner.dk\/?page_id=514"},"modified":"2024-08-22T16:38:10","modified_gmt":"2024-08-22T16:38:10","slug":"dr-jeck","status":"publish","type":"page","link":"https:\/\/spioner.dk\/index.php\/spioner-mellem-to-krige\/horst-gustav-friedrich-pflugk-harttung\/udvist-og-perioden-under-anden-verdenskrig\/dr-jeck\/","title":{"rendered":"Dr. Jeck"},"content":{"rendered":"\n<p>Dr. Jeck var \u00e5benbart en mystisk person. Han blev efters\u00f8gt efter krigen af b\u00e5de Amerikanerne og Engl\u00e6nderne, men uden held. <\/p>\n\n\n\n<p>Her er hvad vi ved:<\/p>\n\n\n\n<p>Korvettenkapit\u00e4n i december 1937<\/p>\n\n\n\n<p><a href=\"http:\/\/spioner.dk\/index.php\/spioner-mellem-to-krige\/den-tyske-efterretningstjeneste\/\" data-type=\"page\" data-id=\"49\">Den tyske efterretningstjeneste<\/a>Sagsbehandler i Abwehr afdeling IVc (<a href=\"http:\/\/spioner.dk\/index.php\/spioner-mellem-to-krige\/den-tyske-efterretningstjeneste\/\" data-type=\"page\" data-id=\"49\" target=\"_blank\" rel=\"noreferrer noopener\">l\u00e6s mere om den tyske efterretningstjeneste her<\/a>)<\/p>\n\n\n\n<p>Omr\u00e5de ansvarlig (1937) for Nordeuropa (Nord-Europa Etappen, Nahetappe) siden 1934<\/p>\n\n\n\n<p>Var p\u00e5 tjenestlig rejse i Belgien i 1938 (ref.: O.K.W\/Ausl (IX) B.Nr. 406\/38 g.Kdos.v.21.6.38 an 3. Abt Skl)<\/p>\n\n\n\n<p>Gruppe (eller omr\u00e5de) leder \u00e5rgang 1916<\/p>\n\n\n\n<p>Status for agenter mv. i 1937:<\/p>\n\n\n<div class=\"wp-block-image\">\n<figure class=\"aligncenter size-full\"><img loading=\"lazy\" decoding=\"async\" width=\"856\" height=\"270\" src=\"http:\/\/spioner.dk\/wp-content\/uploads\/2024\/08\/DrJeck3_2.jpg\" alt=\"\" class=\"wp-image-527\" srcset=\"https:\/\/spioner.dk\/wp-content\/uploads\/2024\/08\/DrJeck3_2.jpg 856w, https:\/\/spioner.dk\/wp-content\/uploads\/2024\/08\/DrJeck3_2-300x95.jpg 300w, https:\/\/spioner.dk\/wp-content\/uploads\/2024\/08\/DrJeck3_2-768x242.jpg 768w\" sizes=\"auto, (max-width: 856px) 100vw, 856px\" \/><\/figure>\n<\/div>\n\n\n<p>Etappenleiter har forkortelsen: L(BE)<\/p>\n\n\n\n<p>Berichterstatter har forkortelsen: BE<\/p>\n\n\n\n<hr class=\"wp-block-separator has-alpha-channel-opacity\"\/>\n\n\n<div class=\"wp-block-image\">\n<figure class=\"aligncenter size-full\"><img loading=\"lazy\" decoding=\"async\" width=\"709\" height=\"614\" src=\"http:\/\/spioner.dk\/wp-content\/uploads\/2024\/08\/DrJeck3_3.jpg\" alt=\"\" class=\"wp-image-529\" srcset=\"https:\/\/spioner.dk\/wp-content\/uploads\/2024\/08\/DrJeck3_3.jpg 709w, https:\/\/spioner.dk\/wp-content\/uploads\/2024\/08\/DrJeck3_3-300x260.jpg 300w\" sizes=\"auto, (max-width: 709px) 100vw, 709px\" \/><\/figure>\n<\/div>\n\n\n<hr class=\"wp-block-separator has-alpha-channel-opacity\"\/>\n\n\n<div class=\"wp-block-image\">\n<figure class=\"aligncenter size-full\"><img loading=\"lazy\" decoding=\"async\" width=\"585\" height=\"776\" src=\"http:\/\/spioner.dk\/wp-content\/uploads\/2024\/08\/DrJeck1.jpg\" alt=\"\" class=\"wp-image-515\" srcset=\"https:\/\/spioner.dk\/wp-content\/uploads\/2024\/08\/DrJeck1.jpg 585w, https:\/\/spioner.dk\/wp-content\/uploads\/2024\/08\/DrJeck1-226x300.jpg 226w\" sizes=\"auto, (max-width: 585px) 100vw, 585px\" \/><\/figure>\n<\/div>\n\n\n<hr class=\"wp-block-separator has-alpha-channel-opacity\"\/>\n\n\n<div class=\"wp-block-image\">\n<figure class=\"aligncenter size-full\"><img loading=\"lazy\" decoding=\"async\" width=\"561\" height=\"792\" src=\"http:\/\/spioner.dk\/wp-content\/uploads\/2024\/08\/DrJeck2.jpg\" alt=\"\" class=\"wp-image-524\" srcset=\"https:\/\/spioner.dk\/wp-content\/uploads\/2024\/08\/DrJeck2.jpg 561w, https:\/\/spioner.dk\/wp-content\/uploads\/2024\/08\/DrJeck2-213x300.jpg 213w\" sizes=\"auto, (max-width: 561px) 100vw, 561px\" \/><\/figure>\n<\/div>\n\n\n<hr class=\"wp-block-separator has-alpha-channel-opacity\"\/>\n\n\n<div class=\"wp-block-image\">\n<figure class=\"aligncenter size-full\"><img loading=\"lazy\" decoding=\"async\" width=\"535\" height=\"753\" src=\"http:\/\/spioner.dk\/wp-content\/uploads\/2024\/08\/DrJeck3.jpg\" alt=\"\" class=\"wp-image-526\" srcset=\"https:\/\/spioner.dk\/wp-content\/uploads\/2024\/08\/DrJeck3.jpg 535w, https:\/\/spioner.dk\/wp-content\/uploads\/2024\/08\/DrJeck3-213x300.jpg 213w\" sizes=\"auto, (max-width: 535px) 100vw, 535px\" \/><\/figure>\n<\/div>\n\n\n<hr class=\"wp-block-separator has-alpha-channel-opacity\"\/>\n\n\n<div class=\"wp-block-image\">\n<figure class=\"aligncenter size-full\"><img loading=\"lazy\" decoding=\"async\" width=\"967\" height=\"558\" src=\"http:\/\/spioner.dk\/wp-content\/uploads\/2024\/08\/DrJeck4.jpg\" alt=\"\" class=\"wp-image-533\" srcset=\"https:\/\/spioner.dk\/wp-content\/uploads\/2024\/08\/DrJeck4.jpg 967w, https:\/\/spioner.dk\/wp-content\/uploads\/2024\/08\/DrJeck4-300x173.jpg 300w, https:\/\/spioner.dk\/wp-content\/uploads\/2024\/08\/DrJeck4-768x443.jpg 768w\" sizes=\"auto, (max-width: 967px) 100vw, 967px\" \/><\/figure>\n<\/div>","protected":false},"excerpt":{"rendered":"<p>Dr. Jeck var \u00e5benbart en mystisk person. Han blev efters\u00f8gt efter krigen af b\u00e5de Amerikanerne og Engl\u00e6nderne, men uden held. Her er hvad vi ved: Korvettenkapit\u00e4n i december 1937 Den tyske efterretningstjenesteSagsbehandler i Abwehr afdeling IVc (l\u00e6s mere om den tyske efterretningstjeneste her) Omr\u00e5de ansvarlig (1937) for Nordeuropa (Nord-Europa Etappen, Nahetappe) siden 1934 Var p\u00e5 [&hellip;]<\/p>\n","protected":false},"author":1,"featured_media":0,"parent":151,"menu_order":0,"comment_status":"closed","ping_status":"closed","template":"","meta":{"inline_featured_image":false,"footnotes":""},"class_list":["post-514","page","type-page","status-publish","hentry"],"_links":{"self":[{"href":"https:\/\/spioner.dk\/index.php\/wp-json\/wp\/v2\/pages\/514","targetHints":{"allow":["GET"]}}],"collection":[{"href":"https:\/\/spioner.dk\/index.php\/wp-json\/wp\/v2\/pages"}],"about":[{"href":"https:\/\/spioner.dk\/index.php\/wp-json\/wp\/v2\/types\/page"}],"author":[{"embeddable":true,"href":"https:\/\/spioner.dk\/index.php\/wp-json\/wp\/v2\/users\/1"}],"replies":[{"embeddable":true,"href":"https:\/\/spioner.dk\/index.php\/wp-json\/wp\/v2\/comments?post=514"}],"version-history":[{"count":8,"href":"https:\/\/spioner.dk\/index.php\/wp-json\/wp\/v2\/pages\/514\/revisions"}],"predecessor-version":[{"id":534,"href":"https:\/\/spioner.dk\/index.php\/wp-json\/wp\/v2\/pages\/514\/revisions\/534"}],"up":[{"embeddable":true,"href":"https:\/\/spioner.dk\/index.php\/wp-json\/wp\/v2\/pages\/151"}],"wp:attachment":[{"href":"https:\/\/spioner.dk\/index.php\/wp-json\/wp\/v2\/media?parent=514"}],"curies":[{"name":"wp","href":"https:\/\/api.w.org\/{rel}","templated":true}]}}