{"id":266,"date":"2022-08-23T13:33:59","date_gmt":"2022-08-23T13:33:59","guid":{"rendered":"http:\/\/spioner.dk\/?page_id=266"},"modified":"2024-02-16T16:38:29","modified_gmt":"2024-02-16T16:38:29","slug":"bernhard-emil-jensen","status":"publish","type":"page","link":"https:\/\/spioner.dk\/index.php\/spioner-mellem-to-krige\/horst-gustav-friedrich-pflugk-harttung\/tiden-i-danmark\/spionagenetvaerket-etableres\/personkredsen-omkring-horst\/bernhard-emil-jensen\/","title":{"rendered":"Bernhard Emil Jensen"},"content":{"rendered":"\n<p><strong>F\u00f8dt<\/strong>: 9. august 1882 i K\u00f8benhavn<\/p>\n\n\n\n<p><strong>Nationalitet<\/strong>: Dansk<\/p>\n\n\n\n<p><strong>Besk\u00e6ftigelse<\/strong>: Eksport, fisk, Esbjerg<\/p>\n\n\n\n<p><strong>Adresse: <\/strong> Villa Aegir, Sellandsgade 50, Esbjerg (menes der Sj\u00e6llandsgade?)<\/p>\n\n\n\n<p><strong>Dom<\/strong>:&nbsp; 8 m\u00e5neders f\u00e6ngsel og miste rettigheder for 5 \u00e5r<\/p>\n\n\n\n<p><strong>Agent siden:<\/strong> Ca. 1935<\/p>\n\n\n\n<hr class=\"wp-block-separator has-alpha-channel-opacity\"\/>\n\n\n\n<p>Da han blev arresteret havde han et firma i Esbjerg der eksporterede fisk. Han har tidligere drevet fiskeeksport i Hamburg og var under 1. verdenskrig tysk soldat. Under sagen indr\u00f8mmede han at han allerede i 1935 havde kontaktet den tyske milit\u00e6re efterretningstjeneste. I Esbjerg blev han p\u00e5 et tidspunkt kontaktet af en tysker, der bad ham tage til Hamborg. Her skulle han kontakte en \u201dM\u00fcller\u201d i Admiralit\u00e4ts Strasse. Bernhard tog afsted og m\u00f8dte en \u201dFr. Vilhelm M\u00fcller\u201d p\u00e5 hans kontor. P\u00e5 dette m\u00f8de blev han orienteret af to tyskere (deraf en Muller) Han fik at vide at han skulle telegrafere til \u201dKamorulux\u201d (ved ikke om &#8220;am&#8221; er rigtig) hvis noget hastede. Yderligere fik han at vide at han skulle kontakte Horst gennem Max Rasch.<\/p>\n\n\n\n<p>Han husker at Horst gav ham kontaktperson E.W. Aaberg. c\/o firma \u201dV. Heiber &amp; Co.\u201d. Vester Farimagsgade 25, K\u00f8benhavn. (muligvis Aaberg fra German Chamber of Germence detained at this school.)<\/p>\n\n\n\n<p>Jeg har desv\u00e6rre ikke adressen, men antager det var t\u00e6t ved havnen<\/p>\n\n\n\n<hr class=\"wp-block-separator has-alpha-channel-opacity\"\/>\n","protected":false},"excerpt":{"rendered":"<p>F\u00f8dt: 9. august 1882 i K\u00f8benhavn Nationalitet: Dansk Besk\u00e6ftigelse: Eksport, fisk, Esbjerg Adresse: Villa Aegir, Sellandsgade 50, Esbjerg (menes der Sj\u00e6llandsgade?) Dom:&nbsp; 8 m\u00e5neders f\u00e6ngsel og miste rettigheder for 5 \u00e5r Agent siden: Ca. 1935 Da han blev arresteret havde han et firma i Esbjerg der eksporterede fisk. Han har tidligere drevet fiskeeksport i Hamburg [&hellip;]<\/p>\n","protected":false},"author":1,"featured_media":0,"parent":189,"menu_order":0,"comment_status":"open","ping_status":"closed","template":"template-fullwidth.php","meta":{"inline_featured_image":false,"footnotes":""},"class_list":["post-266","page","type-page","status-publish","hentry"],"_links":{"self":[{"href":"https:\/\/spioner.dk\/index.php\/wp-json\/wp\/v2\/pages\/266","targetHints":{"allow":["GET"]}}],"collection":[{"href":"https:\/\/spioner.dk\/index.php\/wp-json\/wp\/v2\/pages"}],"about":[{"href":"https:\/\/spioner.dk\/index.php\/wp-json\/wp\/v2\/types\/page"}],"author":[{"embeddable":true,"href":"https:\/\/spioner.dk\/index.php\/wp-json\/wp\/v2\/users\/1"}],"replies":[{"embeddable":true,"href":"https:\/\/spioner.dk\/index.php\/wp-json\/wp\/v2\/comments?post=266"}],"version-history":[{"count":3,"href":"https:\/\/spioner.dk\/index.php\/wp-json\/wp\/v2\/pages\/266\/revisions"}],"predecessor-version":[{"id":470,"href":"https:\/\/spioner.dk\/index.php\/wp-json\/wp\/v2\/pages\/266\/revisions\/470"}],"up":[{"embeddable":true,"href":"https:\/\/spioner.dk\/index.php\/wp-json\/wp\/v2\/pages\/189"}],"wp:attachment":[{"href":"https:\/\/spioner.dk\/index.php\/wp-json\/wp\/v2\/media?parent=266"}],"curies":[{"name":"wp","href":"https:\/\/api.w.org\/{rel}","templated":true}]}}